{"id":136,"date":"2010-09-10T22:37:23","date_gmt":"2010-09-10T22:37:23","guid":{"rendered":"http:\/\/www.paco-gaston.de\/?page_id=136"},"modified":"2017-01-16T22:15:49","modified_gmt":"2017-01-16T21:15:49","slug":"herbst","status":"publish","type":"page","link":"https:\/\/www.paco-gaston.de\/?page_id=136","title":{"rendered":"Herbst"},"content":{"rendered":"<p>Der Herbst ist eine bl\u00f6de Zeit &#8211; da k\u00f6nnen wir nicht in die Weinberge, da \u00fcberall die Schu\u00dfanlagen sind. Es h\u00f6rt an wie im Krieg und die Tibeter hassen Krieg. Also m\u00fcssen wir uns andere Wege suchen.<\/p>\n","protected":false},"excerpt":{"rendered":"<p>Der Herbst ist eine bl\u00f6de Zeit &#8211; da k\u00f6nnen wir nicht in die Weinberge, da \u00fcberall die Schu\u00dfanlagen sind. Es h\u00f6rt an wie im Krieg und die Tibeter hassen Krieg. Also m\u00fcssen wir uns andere Wege suchen.<\/p>\n","protected":false},"author":4,"featured_media":0,"parent":0,"menu_order":0,"comment_status":"open","ping_status":"open","template":"","meta":[],"_links":{"self":[{"href":"https:\/\/www.paco-gaston.de\/index.php?rest_route=\/wp\/v2\/pages\/136"}],"collection":[{"href":"https:\/\/www.paco-gaston.de\/index.php?rest_route=\/wp\/v2\/pages"}],"about":[{"href":"https:\/\/www.paco-gaston.de\/index.php?rest_route=\/wp\/v2\/types\/page"}],"author":[{"embeddable":true,"href":"https:\/\/www.paco-gaston.de\/index.php?rest_route=\/wp\/v2\/users\/4"}],"replies":[{"embeddable":true,"href":"https:\/\/www.paco-gaston.de\/index.php?rest_route=%2Fwp%2Fv2%2Fcomments&post=136"}],"version-history":[{"count":3,"href":"https:\/\/www.paco-gaston.de\/index.php?rest_route=\/wp\/v2\/pages\/136\/revisions"}],"predecessor-version":[{"id":238,"href":"https:\/\/www.paco-gaston.de\/index.php?rest_route=\/wp\/v2\/pages\/136\/revisions\/238"}],"wp:attachment":[{"href":"https:\/\/www.paco-gaston.de\/index.php?rest_route=%2Fwp%2Fv2%2Fmedia&parent=136"}],"curies":[{"name":"wp","href":"https:\/\/api.w.org\/{rel}","templated":true}]}}