{"id":138,"date":"2010-12-30T23:41:58","date_gmt":"2010-12-30T23:41:58","guid":{"rendered":"http:\/\/www.paco-gaston.de\/?page_id=138"},"modified":"2010-12-31T00:05:24","modified_gmt":"2010-12-31T00:05:24","slug":"schneeschuhwandern-mit-pacogaston","status":"publish","type":"page","link":"https:\/\/www.paco-gaston.de\/?page_id=138","title":{"rendered":"Schneeschuhwandern mit Paco&#038;Gaston"},"content":{"rendered":"<p><span style=\"text-decoration: underline;\">Schneeschuhwandern mit  Tibet Terrier ist anstregend und macht viel Spa\u00df!!<\/span><\/p>\n<p>2004  war es zun\u00e4chst ein Versuch unsere beiden Tibeter zum Schneeschuh mit  zunehmen. Sie haben fast immer mit Begeisterung mitgemacht und Strecken  von 4-6 Stunden m\u00fchelos geschafft und begeistert hochalpine H\u00f6henmeter  in S\u00fcdtirol hinter sich gebracht. Wer an solcher Tour interessiert ist  sollte ein paar Dinge vor einer Tour beachten:<\/p>\n<ul>\n<li>Wenn  man in einer \tGruppe mit Bergf\u00fchrer geht, was sich bei hochalpinen  Touren \tempfiehlt, sollte man vorher abkl\u00e4ren, ob alle in der Gruppe \t mit einem Hund  einverstanden sind.<\/li>\n<li>F\u00fcr die Touren \tempfiehlt sich Proviant und Wasser auch f\u00fcr den Hund.<\/li>\n<li>F\u00fcr  Gebiete, wo \tman den Hund anleinen mu\u00df, ist eine Bauchleine sinnvoll,  da \tman beim Schneeschuhwandern die H\u00e4nde f\u00fcr die St\u00f6cke \tfrei haben  sollte.<\/li>\n<li>Schlittenhundschuh  \t(sehr teuer!) haben sich zum Pfotenschutz nicht bew\u00e4hrt (werden \tnur  kurz getragen!! und gleich abgeworfen &#8211; l\u00e4ngste Tragezeit 5 \tMinuten!),  besser ist z.B. Vaseline f\u00fcr die Ballen und Stulpen \t(am Besten noch  getapt!), wenn der Schnee klebrig ist und im Fell \th\u00e4ngen bleibt<\/li>\n<li>Bei  klebrigen Schnee \tl\u00e4uft man am Besten gar nicht erst durch den  Tiefschnee, denn \tda haben auch  unsere Hunde ein paar Mal gestreikt!  Der Bergf\u00fchrer \that sich sogar einmal erbarmt und den &#8222;Schneehund&#8220; \t getragen&#8230;.<\/li>\n<li>Da  der erste in der \tGruppe die Spur l\u00e4uft haben unsere Hunde gleich  verstanden, da\u00df \tamn besser als Dritter oder Vierter in der Spur l\u00e4uft,  sonst \tmu\u00df man es dem Hund beibringen.<\/li>\n<li><a title=\"Alpinschule\" href=\"http:\/\/alpinschule.com\/\">www.alpinschule.com<\/a> im Pustertal in S\u00fcdtirol hat mit uns &#8222;Hundetouren&#8220; \tgemacht, aber im Allg\u00e4u ist es z.B. auch m\u00f6glich gewesen.<\/li>\n<\/ul>\n<p>Wer Interesse hat und weitere Information braucht kann gerne bei mir nachfragen.<\/p>\n<p>Christine Borgmann mit Paco und Gaston<\/p>\n","protected":false},"excerpt":{"rendered":"<p>Schneeschuhwandern mit Tibet Terrier ist anstregend und macht viel Spa\u00df!! 2004 war es zun\u00e4chst ein Versuch unsere beiden Tibeter zum Schneeschuh mit zunehmen. Sie haben fast immer mit Begeisterung mitgemacht und Strecken von 4-6 Stunden m\u00fchelos geschafft und begeistert hochalpine H\u00f6henmeter in S\u00fcdtirol hinter sich gebracht. Wer an solcher Tour interessiert ist sollte ein paar [&hellip;]<\/p>\n","protected":false},"author":4,"featured_media":0,"parent":0,"menu_order":0,"comment_status":"open","ping_status":"open","template":"","meta":[],"_links":{"self":[{"href":"https:\/\/www.paco-gaston.de\/index.php?rest_route=\/wp\/v2\/pages\/138"}],"collection":[{"href":"https:\/\/www.paco-gaston.de\/index.php?rest_route=\/wp\/v2\/pages"}],"about":[{"href":"https:\/\/www.paco-gaston.de\/index.php?rest_route=\/wp\/v2\/types\/page"}],"author":[{"embeddable":true,"href":"https:\/\/www.paco-gaston.de\/index.php?rest_route=\/wp\/v2\/users\/4"}],"replies":[{"embeddable":true,"href":"https:\/\/www.paco-gaston.de\/index.php?rest_route=%2Fwp%2Fv2%2Fcomments&post=138"}],"version-history":[{"count":6,"href":"https:\/\/www.paco-gaston.de\/index.php?rest_route=\/wp\/v2\/pages\/138\/revisions"}],"predecessor-version":[{"id":159,"href":"https:\/\/www.paco-gaston.de\/index.php?rest_route=\/wp\/v2\/pages\/138\/revisions\/159"}],"wp:attachment":[{"href":"https:\/\/www.paco-gaston.de\/index.php?rest_route=%2Fwp%2Fv2%2Fmedia&parent=138"}],"curies":[{"name":"wp","href":"https:\/\/api.w.org\/{rel}","templated":true}]}}