{"id":88,"date":"2010-06-06T09:42:08","date_gmt":"2010-06-06T09:42:08","guid":{"rendered":"http:\/\/www.paco-gaston.de\/?page_id=88"},"modified":"2011-08-28T15:43:09","modified_gmt":"2011-08-28T15:43:09","slug":"gaston","status":"publish","type":"page","link":"https:\/\/www.paco-gaston.de\/?page_id=88","title":{"rendered":"Gaston"},"content":{"rendered":"<p style=\"text-align: center;\"><span style=\"color: #993300;\"><a href=\"http:\/\/www.paco-gaston.de\/?attachment_id=183\" rel=\"attachment wp-att-183\"><img loading=\"lazy\" class=\"aligncenter size-full wp-image-183\" title=\"03230002\" src=\"http:\/\/www.paco-gaston.de\/wp-content\/uploads\/2010\/06\/032300021.jpg\" alt=\"Gaston als Welpe\" width=\"442\" height=\"332\" \/><\/a><\/span><\/p>\n<p style=\"text-align: center;\">\n<p style=\"text-align: center;\"><span style=\"color: #993300;\"><span style=\"text-decoration: underline;\">Gaston hat die Farbe Zobel und ist ein <a href=\"http:\/\/www.tibatongs.de\/deckrueden\/gaston.htm\">Tibet Terrier<\/a> aus Grie\u00dfheim <\/span><\/span> <span style=\"color: #993300;\">Gaston ist am 12.1.2003\u00a0 geboren und kam im April 2003 zu uns. Da war Paco schon da, so da\u00df Gaston nicht mehr Chef werden konnte. Aber das macht ihm nicht soviel aus, da er es eher gem\u00fctlich liebt!!<\/span> <span style=\"color: #993300;\">Er ist Jungendchampion und Internationaler Champion, aber das ist ihm egal!!! Er liebt das Landleben, frisch geeggte Felder (m\u00f6glichst feucht!)\u00a0 und hohes feuchtes Gras!\u00a0 Am Bauch und an den F\u00fc\u00dfen m\u00f6chte er nicht gek\u00e4mmt werden und baden mu\u00df auch nicht sein.<\/span> <span style=\"color: #993300;\">Er hat jetzt 45 Kinder und einige sehen ganz so aus wie er.<\/span> <span style=\"color: #993300;\">Es gibt Kinder bei <\/span><\/p>\n<ul>\n<li><span style=\"color: #993300;\"><a href=\"http:\/\/www.tibatongs.de\">www.tibatongs.de<\/a> <\/span><\/li>\n<\/ul>\n<ul>\n<ul>\n<li><span style=\"color: #993300;\"><a href=\"http:\/\/www.tibet-bouvier.de\">www.tibet-bouvier.de<\/a><\/span><\/li>\n<li><a href=\"http:\/\/www.nang-mi.de\/\">www.nang-mi.de<\/a><span style=\"color: #993300;\">\u00a0 unsere Welpen 2010<\/span><\/li>\n<li><a href=\"http:\/\/www.tibet-terrier.net\/\">www.tibet-terrier.ne<\/a><a href=\"http:\/\/www.paco-gaston.de\/?attachment_id=57\" rel=\"attachment wp-att-57\">t <\/a><span style=\"color: #993300;\">mit Mara.<\/span><strong><\/strong><\/li>\n<li><a href=\"http:\/\/www.wangthang.ch\"><span style=\"color: #0000ff;\"><strong><span style=\"color: #0000ff;\"><cite>www.wangthang.ch<\/cite><\/span><\/strong><\/span><\/a> mit Sema 2011<\/li>\n<\/ul>\n<\/ul>\n<p><a href=\"http:\/\/www.wangthang.ch\">\u00a0<\/a><a href=\"http:\/\/www.paco-gaston.de\/?attachment_id=57\" rel=\"attachment wp-att-57\"><img loading=\"lazy\" class=\"aligncenter size-medium wp-image-57\" title=\"Gaston in der Pfalz\" src=\"http:\/\/www.paco-gaston.de\/wp-content\/uploads\/2010\/05\/IMG_2077-300x225.jpg\" alt=\"\" width=\"300\" height=\"225\" srcset=\"https:\/\/www.paco-gaston.de\/wp-content\/uploads\/2010\/05\/IMG_2077-300x225.jpg 300w, https:\/\/www.paco-gaston.de\/wp-content\/uploads\/2010\/05\/IMG_2077.jpg 640w\" sizes=\"(max-width: 300px) 100vw, 300px\" \/><\/a> <span style=\"color: #993300;\">Hier sieht man ihn in den Weinbergen!<\/span> <a href=\"http:\/\/www.paco-gaston.de\/?attachment_id=29\" rel=\"attachment wp-att-29\"><img loading=\"lazy\" class=\"aligncenter size-medium wp-image-29\" title=\"IMG_0235\" src=\"http:\/\/www.paco-gaston.de\/wp-content\/uploads\/2010\/05\/IMG_02351-300x200.jpg\" alt=\"\" width=\"300\" height=\"200\" srcset=\"https:\/\/www.paco-gaston.de\/wp-content\/uploads\/2010\/05\/IMG_02351-300x200.jpg 300w, https:\/\/www.paco-gaston.de\/wp-content\/uploads\/2010\/05\/IMG_02351.jpg 640w\" sizes=\"(max-width: 300px) 100vw, 300px\" \/><\/a> <span style=\"color: #993300;\">Hier ist er mal wieder nicht gek\u00e4mmt und trotz Haaren sieht er alles, was er sehen will!<\/span><\/p>\n","protected":false},"excerpt":{"rendered":"<p>Gaston hat die Farbe Zobel und ist ein Tibet Terrier aus Grie\u00dfheim Gaston ist am 12.1.2003\u00a0 geboren und kam im April 2003 zu uns. Da war Paco schon da, so da\u00df Gaston nicht mehr Chef werden konnte. Aber das macht ihm nicht soviel aus, da er es eher gem\u00fctlich liebt!! Er ist Jungendchampion und Internationaler [&hellip;]<\/p>\n","protected":false},"author":4,"featured_media":0,"parent":0,"menu_order":0,"comment_status":"open","ping_status":"open","template":"","meta":[],"_links":{"self":[{"href":"https:\/\/www.paco-gaston.de\/index.php?rest_route=\/wp\/v2\/pages\/88"}],"collection":[{"href":"https:\/\/www.paco-gaston.de\/index.php?rest_route=\/wp\/v2\/pages"}],"about":[{"href":"https:\/\/www.paco-gaston.de\/index.php?rest_route=\/wp\/v2\/types\/page"}],"author":[{"embeddable":true,"href":"https:\/\/www.paco-gaston.de\/index.php?rest_route=\/wp\/v2\/users\/4"}],"replies":[{"embeddable":true,"href":"https:\/\/www.paco-gaston.de\/index.php?rest_route=%2Fwp%2Fv2%2Fcomments&post=88"}],"version-history":[{"count":31,"href":"https:\/\/www.paco-gaston.de\/index.php?rest_route=\/wp\/v2\/pages\/88\/revisions"}],"predecessor-version":[{"id":185,"href":"https:\/\/www.paco-gaston.de\/index.php?rest_route=\/wp\/v2\/pages\/88\/revisions\/185"}],"wp:attachment":[{"href":"https:\/\/www.paco-gaston.de\/index.php?rest_route=%2Fwp%2Fv2%2Fmedia&parent=88"}],"curies":[{"name":"wp","href":"https:\/\/api.w.org\/{rel}","templated":true}]}}